{"id":5466,"date":"2026-03-31T13:26:31","date_gmt":"2026-03-31T11:26:31","guid":{"rendered":"https:\/\/perfecthospitality.pl\/?post_type=product&#038;p=5466"},"modified":"2026-03-31T13:26:31","modified_gmt":"2026-03-31T11:26:31","slug":"pitbull-27-11-2026","status":"publish","type":"product","link":"https:\/\/perfecthospitality.pl\/pl\/produkt\/pitbull-27-11-2026\/","title":{"rendered":"Pitbull 27.11.2026"},"content":{"rendered":"<h4><strong>Pitbull - I'm Back Tour 27 listopada 2026 na Atlas Arenie w \u0141odzi<\/strong><\/h4>\n<p>Mapa Areny z zaznaczonymi sektorami dost\u0119pna jest poni\u017cej.<\/p>\n<p>Miejsca przydzielane s\u0105 zawsze obok siebie. Wyb\u00f3r konkretnych miejsc z planu sektora jest mo\u017cliwy na indywidualne \u017cyczenie (<a href=\"mailto:office@perfectvip.pl\">office@perfectvip.pl<\/a>)<\/p>\n<p>Dla wi\u0119kszych grup mamy dost\u0119pne r\u00f3wnie\u017c miejsca w lo\u017cy. Zainteresowanych prosimy o kontakt (<a href=\"mailto:office@perfectvip.pl\">office@perfectvip.pl<\/a>)<\/p>\n<p><strong>Prosimy o przemy\u015blane zakupy. <\/strong><\/p>\n<p>Zwrot pieni\u0119dzy mo\u017cliwy jest wy\u0142\u0105cznie w przypadku odwo\u0142ania koncertu, zmiany jego daty lub jego miejsca odbycia. Wi\u0119cej informacji na ten temat znajd\u0105\u00a0Pa\u0144stwo w <a href=\"https:\/\/www.perfectvip.pl\/pl\/regulamin\/\" target=\"_blank\" rel=\"noopener\">regulaminie<\/a>.<\/p>\n<p><strong><i>Informacja na temat organizatora Imprezy:<\/i><\/strong><i><\/i><\/p>\n<p><i>Perfect Vip prowadzi za po\u015brednictwem Systemu sprzeda\u017c Bilet\u00f3w na Imprez\u0119 realizowan\u0105 przez partnera Perfect Vip (organizatora Imprezy: Live Nation sp. z o. o.). W zwi\u0105zku z powy\u017cszym Perfect Vip o\u015bwiadcza, \u017ce:<span class=\"Apple-converted-space\">\u00a0 <\/span>a) nie jest organizatorem Imprezy; jak r\u00f3wnie\u017c b) nie jest odpowiedzialny za przebieg Imprezy.<\/i><i><\/i><\/p>\n<p><i>Perfect Vip zapewnia, \u017ce Bilety nabyte z wykorzystaniem Systemu b\u0119d\u0105 uznawane przez partnera Perfect Vip (organizatora Imprezy: Live Nation sp. z o. o.) za uprawniaj\u0105ce do wej\u015bcia i udzia\u0142u w danej Imprezie - zgodnie z Regulaminem uczestnictwa w imprezie dost\u0119pnym na stronie <\/i><a href=\"http:\/\/www.livenation.pl\/\" target=\"_blank\" rel=\"noreferrer noopener\"><i>www.livenation.pl<\/i><\/a><i>. <\/i><i><\/i><\/p>\n<p><i>Wszelkie Informacje dotycz\u0105ce Imprezy, w tym przede wszystkim informacje na temat harmonogramu przebiegu Imprezy, zmian organizacyjnych Imprezy (w tym Regulaminu Imprezy), na kt\u00f3r\u0105 U\u017cytkownik mo\u017ce kupi\u0107 Bilet korzystaj\u0105c z Systemu, znajduj\u0105 si\u0119 wy\u0142\u0105cznie na stronie partnera Perfect Vip (organizatora Imprezy: Live Nation sp. z o. o.) <\/i><a href=\"http:\/\/www.livenation.pl\/\" target=\"_blank\" rel=\"noreferrer noopener\"><i>www.livenation.pl<\/i><\/a><i>.<\/i><\/p>\n","protected":false},"excerpt":{"rendered":"<p>Pitbull - I'm Back Tour 27 listopada 2026 na Atlas Arenie w \u0141odzi Mapa Areny z zaznaczonymi sektorami dost\u0119pna jest poni\u017cej. Miejsca przydzielane s\u0105 zawsze obok siebie. Wyb\u00f3r konkretnych miejsc z planu sektora jest mo\u017cliwy na indywidualne \u017cyczenie (office@perfectvip.pl) Dla wi\u0119kszych grup mamy dost\u0119pne r\u00f3wnie\u017c miejsca w lo\u017cy. Zainteresowanych prosimy o kontakt (office@perfectvip.pl) Prosimy o [&hellip;]<\/p>\n","protected":false},"featured_media":5471,"comment_status":"open","ping_status":"closed","template":"","meta":{"_acf_changed":false,"inline_featured_image":false},"product_brand":[],"product_cat":[18],"product_tag":[36],"class_list":{"0":"post-5466","1":"product","2":"type-product","3":"status-publish","4":"has-post-thumbnail","6":"product_cat-trybuna-premium","7":"product_tag-sektor-e","9":"first","10":"instock","11":"shipping-taxable","12":"product-type-external"},"acf":[],"_links":{"self":[{"href":"https:\/\/perfecthospitality.pl\/pl\/wp-json\/wp\/v2\/product\/5466","targetHints":{"allow":["GET"]}}],"collection":[{"href":"https:\/\/perfecthospitality.pl\/pl\/wp-json\/wp\/v2\/product"}],"about":[{"href":"https:\/\/perfecthospitality.pl\/pl\/wp-json\/wp\/v2\/types\/product"}],"replies":[{"embeddable":true,"href":"https:\/\/perfecthospitality.pl\/pl\/wp-json\/wp\/v2\/comments?post=5466"}],"wp:featuredmedia":[{"embeddable":true,"href":"https:\/\/perfecthospitality.pl\/pl\/wp-json\/wp\/v2\/media\/5471"}],"wp:attachment":[{"href":"https:\/\/perfecthospitality.pl\/pl\/wp-json\/wp\/v2\/media?parent=5466"}],"wp:term":[{"taxonomy":"product_brand","embeddable":true,"href":"https:\/\/perfecthospitality.pl\/pl\/wp-json\/wp\/v2\/product_brand?post=5466"},{"taxonomy":"product_cat","embeddable":true,"href":"https:\/\/perfecthospitality.pl\/pl\/wp-json\/wp\/v2\/product_cat?post=5466"},{"taxonomy":"product_tag","embeddable":true,"href":"https:\/\/perfecthospitality.pl\/pl\/wp-json\/wp\/v2\/product_tag?post=5466"}],"curies":[{"name":"wp","href":"https:\/\/api.w.org\/{rel}","templated":true}]}}